{"id":51,"date":"2018-01-22T20:59:16","date_gmt":"2018-01-22T20:59:16","guid":{"rendered":"http:\/\/tai-chi-clown.de\/?page_id=51"},"modified":"2022-01-01T18:16:31","modified_gmt":"2022-01-01T18:16:31","slug":"gut-und-schlecht","status":"publish","type":"page","link":"http:\/\/tai-chi-clown.de\/?page_id=51","title":{"rendered":"gut und schlecht"},"content":{"rendered":"<p style=\"text-align: center;\"><strong><span style=\"font-family: Arial, sans-serif;\">Der alte Mann und das Pferd<br \/>\n<\/span><\/strong><\/p>\n<p style=\"text-align: center;\"><span style=\"font-family: Arial, sans-serif;\">Es war einmal ein alter Mann. Eines Tages stand auf seiner Wiese ein wundersch\u00f6ner Hengst. <\/span><span style=\"font-family: Arial, sans-serif;\">Die Leute im Dorf kamen zu dem alten Mann und sagten: \u201eAlter Mann, hast Du ein Gl\u00fcck! Dir ist ein sch\u00f6nes Pferd zugelaufen.\u201c \u201eWei\u00df ich ob das gut oder schlecht ist? Alles, was ich wei\u00df ist, auf meiner Wiese steht ein Pferd.\u201c<\/span><\/p>\n<p style=\"text-align: center;\"><span style=\"font-family: Arial, sans-serif;\">Monate gingen dahin. Das Pferd graste auf der Wiese. Dann an einem Fr\u00fchlingsmorgen war der Hengst verschwunden. Die Leute im Dorf kamen zu dem alten Mann und sagten: \u201eAlter Mann, hast Du ein Pech! Dein sch\u00f6nes Pferd ist Dir davon gelaufen.\u201c \u201eWei\u00df ich ob das gut oder schlecht ist? Alles, was ich wei\u00df ist, auf meiner Wiese steht kein Pferd.\u201c<\/span><\/p>\n<p style=\"text-align: center;\"><span style=\"font-family: Arial, sans-serif;\">Nach einigen Wochen war der Hengst wieder da. Er hatte eine Stute mitgebracht. Die Leute im Dorf kamen zu dem alten Mann und sagten: \u201eAlter Mann, hast Du ein Gl\u00fcck! Dir sind nun zwei sch\u00f6ne Pferde zugelaufen.\u201c \u201eWei\u00df ich ob das gut oder schlecht ist? Alles, was ich wei\u00df ist, auf meiner Wiese stehen zwei Pferde.\u201c<\/span><\/p>\n<p style=\"text-align: center;\"><span style=\"font-family: Arial, sans-serif;\">Im n\u00e4chsten Fr\u00fchling standen 3 Pferde auf der Wiese. Der Hengst, die Stute und ein Fohlen. Der Enkel des alten Mannes begann auf dem Fohlen zu reiten. Als er 20 Jahre war st\u00fcrzte er und brach sich beide Arme und beide Beine. Die Leute im Dorf kamen zu dem alten Mann und sagten: \u201eAlter Mann, hast Du ein Pech! Dein Enkel hat sich Arme und Beine gebrochen.\u201c \u201eWei\u00df ich ob das gut oder schlecht ist? Alles, was ich wei\u00df ist, dass sich mein Enkel Arme und Beine gebrochen hat.\u201c<\/span><\/p>\n<p>&nbsp;<\/p>\n<p style=\"text-align: center;\"><img decoding=\"async\" loading=\"lazy\" class=\"wp-image-1822 alignright\" src=\"http:\/\/tai-chi-clown.de\/wp-content\/uploads\/2022\/01\/5-Tai-Chi.jpg\" alt=\"Tai Chi\" width=\"532\" height=\"299\"><\/p>\n<p>&nbsp;<\/p>\n<p>&nbsp;<\/p>\n<p>&nbsp;<\/p>\n<p>&nbsp;<\/p>\n<p>&nbsp;<\/p>\n<p>&nbsp;<\/p>\n<p>&nbsp;<\/p>\n<p>&nbsp;<\/p>\n<p style=\"text-align: center;\"><span style=\"font-family: Arial, sans-serif;\">Am n\u00e4chsten Tag wird der Krieg ausgerufen. Alle wehrf\u00e4higen jungen M\u00e4nner werden eingezogen und sterben an der Front.<\/span><\/p>\n<p>&nbsp;<\/p>\n<p style=\"text-align: center;\"><strong><span style=\"font-family: Arial, sans-serif;\">Dao De Jing, Kapitel 2<br \/>\n<\/span><\/strong><\/p>\n<p style=\"text-align: center;\"><span style=\"font-family: Arial, sans-serif;\">Man erkennt das Sch\u00f6ne als sch\u00f6n, weil es das H\u00e4\u00dfliche gibt.<br \/>\nMan erkennt das Gute als gut, weil es das Schlechte gibt.<br \/>\nDeshalb erzeugen sich Sein und Nichtsein,<br \/>\nSchwer und Leicht erscheinen zusammen.<br \/>\nSo ist es mit dem Haben und Nichthaben, Lang und Kurz, Hoch und Tief.<br \/>\nDer Klang und Ton geh\u00f6ren zusammen,<br \/>\ndas Vorher und Nachher folgen einander.<br \/>\nDarum wirken auch weise Menschen ohne zu erzwingen.<br \/>\nSie m\u00fcssen nicht sprechen, um zu lehren.<br \/>\nAlle Dinge geschehen ohne ihr Zutun.<br \/>\nSie erzeugen, ohne etwas zu haben,<br \/>\nsie handeln ohne Erwartung,<br \/>\nsie vollbringen ohne Anspruch auf Verdienst.<br \/>\nWeil sie ohne Begehren sind, k\u00f6nnen sie nichts verlieren.<\/span><\/p>\n<p>&nbsp;<\/p>\n","protected":false},"excerpt":{"rendered":"<p>Der alte Mann und das Pferd Es war einmal ein alter Mann. Eines Tages stand auf seiner Wiese ein wundersch\u00f6ner Hengst. Die Leute im Dorf kamen zu dem alten Mann und sagten: \u201eAlter Mann, hast Du ein Gl\u00fcck! Dir ist &hellip; <a href=\"http:\/\/tai-chi-clown.de\/?page_id=51\">Weiterlesen <span class=\"meta-nav\">&rarr;<\/span><\/a><\/p>\n","protected":false},"author":1,"featured_media":0,"parent":48,"menu_order":1,"comment_status":"closed","ping_status":"closed","template":"","meta":[],"_links":{"self":[{"href":"http:\/\/tai-chi-clown.de\/index.php?rest_route=\/wp\/v2\/pages\/51"}],"collection":[{"href":"http:\/\/tai-chi-clown.de\/index.php?rest_route=\/wp\/v2\/pages"}],"about":[{"href":"http:\/\/tai-chi-clown.de\/index.php?rest_route=\/wp\/v2\/types\/page"}],"author":[{"embeddable":true,"href":"http:\/\/tai-chi-clown.de\/index.php?rest_route=\/wp\/v2\/users\/1"}],"replies":[{"embeddable":true,"href":"http:\/\/tai-chi-clown.de\/index.php?rest_route=%2Fwp%2Fv2%2Fcomments&post=51"}],"version-history":[{"count":16,"href":"http:\/\/tai-chi-clown.de\/index.php?rest_route=\/wp\/v2\/pages\/51\/revisions"}],"predecessor-version":[{"id":785,"href":"http:\/\/tai-chi-clown.de\/index.php?rest_route=\/wp\/v2\/pages\/51\/revisions\/785"}],"up":[{"embeddable":true,"href":"http:\/\/tai-chi-clown.de\/index.php?rest_route=\/wp\/v2\/pages\/48"}],"wp:attachment":[{"href":"http:\/\/tai-chi-clown.de\/index.php?rest_route=%2Fwp%2Fv2%2Fmedia&parent=51"}],"curies":[{"name":"wp","href":"https:\/\/api.w.org\/{rel}","templated":true}]}}