{"id":50,"date":"2018-01-22T20:58:31","date_gmt":"2018-01-22T20:58:31","guid":{"rendered":"http:\/\/tai-chi-clown.de\/?page_id=50"},"modified":"2022-01-01T18:20:39","modified_gmt":"2022-01-01T18:20:39","slug":"gut-und-boese","status":"publish","type":"page","link":"http:\/\/tai-chi-clown.de\/?page_id=50","title":{"rendered":"Gut und B\u00f6se"},"content":{"rendered":"<p style=\"text-align: center;\"><strong><span style=\"font-family: Arial, sans-serif;\">Der Yellowstone Nationalpark<\/span><\/strong><\/p>\n<p style=\"text-align: center;\"><span style=\"font-family: Arial, sans-serif;\">Als am 1. M\u00e4rz 1872 Pr\u00e4sident Ulysses S. Grant mit seiner Unterschrift unter ein Gesetz den Yellowstone Nationalpark gr\u00fcndete, hatten sie einen gro\u00dfartigen Gedanken. Sie bewunderten die Natur im Park so sehr, dass sie sie sch\u00fctzen wollten. Mit einem ganz neuen Blick schauten sie, auf die sie umgebende Sch\u00f6nheit. Die Natur wurde nicht mehr nur als Quelle f\u00fcr Nahrung und Baumaterial angesehen. Man blickte mit ganz neuen Augen auf die beeindruckenden Berge, W\u00e4lder, Vulkane und Geysire im Yellowstone Nationalpark. Man erkannte die Einzigartigkeit der \u00fcberw\u00e4ltigenden Naturlandschaft. Sie sollte fortan zur Erholung der Menschen dienen. Man teilte die Tiere in gute und b\u00f6se Tiere ein. Die guten Tiere waren die niedlichen und die Fleischlieferanten. B\u00f6se Tiere waren alle, vor denen man Angst hatte.<\/span><\/p>\n<p>\u00a0<\/p>\n<p style=\"text-align: center;\"><img decoding=\"async\" loading=\"lazy\" class=\"wp-image-1822 aligncenter\" src=\"http:\/\/tai-chi-clown.de\/wp-content\/uploads\/2022\/01\/1-schwarz-weiss.jpg\" alt=\"Casipan Logo M\u00fcffelnde Socke\" width=\"532\" height=\"299\" \/><\/p>\n<p style=\"text-align: center;\"><span style=\"font-family: Arial, sans-serif;\">Die guten Tiere im Yellowstone Nationalpark waren nun sch\u00fctzenswerte Gesch\u00f6pfe. Anstatt sie zu jagen und zu verspeisen, versuchte man im Gegenteil ihre Feinde zu vernichten. Deshalb wurden bis in die 1930 Jahre alle W\u00f6lfe im Park ausgerottet.<\/span><\/p>\n<p>\u00a0<\/p>\n<p style=\"text-align: center;\"><img decoding=\"async\" loading=\"lazy\" class=\"wp-image-1822 alignright\" src=\"http:\/\/tai-chi-clown.de\/wp-content\/uploads\/2022\/01\/2-schwarz-weiss-weisser.png\" alt=\"\" width=\"532\" height=\"299\" \/><\/p>\n<p>\u00a0<\/p>\n<p>\u00a0<\/p>\n<p>\u00a0<\/p>\n<p>\u00a0<\/p>\n<p>\u00a0<\/p>\n<p>\u00a0<\/p>\n<p>\u00a0<\/p>\n<p>\u00a0<\/p>\n<p style=\"text-align: center;\"><span style=\"font-family: Arial, sans-serif;\">Alles geriet aus dem Gleichgewicht. Das Rotwild vermehrte sich ohne nat\u00fcrliche Feinde rasend schnell. Binnen kurzer Zeit waren die Sch\u00e4den an den W\u00e4ldern immens. Rehe und Hirsche verbissen die bereits bestehenden Baumbest\u00e4nde und lie\u00dfen neuen Trieben erst gar keine Chance. Man versuchte durch gezielte Absch\u00fcsse die Rotwildbest\u00e4nde unter Kontrolle zu halten. Die \u201eb\u00f6sen\u201c Tiere wollte man nicht zur\u00fcck in den Nationalpark lassen und so \u00fcbersah man, dass der Mensch bereits die Rolle der fehlenden Tiere eingenommen hatte, um das Gleichgewicht aufrecht zu erhalten. <\/span><\/p>\n<p>\u00a0<\/p>\n<p style=\"text-align: center;\"><img decoding=\"async\" loading=\"lazy\" class=\"wp-image-1822 alignright\" src=\"http:\/\/tai-chi-clown.de\/wp-content\/uploads\/2022\/01\/3-schwarz-ud-weiss.jpg\" alt=\"\" width=\"532\" height=\"299\" \/><\/p>\n<p>\u00a0<\/p>\n<p>\u00a0<\/p>\n<p>\u00a0<\/p>\n<p>\u00a0<\/p>\n<p>\u00a0<\/p>\n<p>\u00a0<\/p>\n<p>\u00a0<\/p>\n<p>\u00a0<\/p>\n<p style=\"text-align: center;\"><span style=\"font-family: Arial, sans-serif;\">Im Jahre 1995 wurden 14 kanadische W\u00f6lfe ausgewildert und unter Schutz gestellt. Die Tiere vermehrten und vermischten sich mit zugewanderten Tieren aus Kanada. Ihre Population stieg rasch. Durch die damit erzielten Erfolge waren Absch\u00fcsse nicht mehr erforderlich und einige Menschen erkannten, dass die brutalen, grausamen und scheinbar lebensfeindlichen Gesch\u00f6pfe vor denen man Angst hatte, eine wichtige Rolle im Gleichgewicht der Natur spielten. Das B\u00f6se hatte eine Spur Gutes erhalten. Mittlerweile ist das Gleichgewicht im Nationalpark wieder hergestellt.<\/span><\/p>\n<p>\u00a0<\/p>\n<p style=\"text-align: center;\"><img decoding=\"async\" loading=\"lazy\" class=\"wp-image-1822 alignright\" src=\"http:\/\/tai-chi-clown.de\/wp-content\/uploads\/2022\/01\/4-schwarz-erhaelt-weiss.jpg\" alt=\"Casipan Logo M\u00fcffelnde Socke\" width=\"532\" height=\"299\" \/><\/p>\n<p>\u00a0<\/p>\n<p>\u00a0<\/p>\n<p>\u00a0<\/p>\n<p>\u00a0<\/p>\n<p>\u00a0<\/p>\n<p>\u00a0<\/p>\n<p>\u00a0<\/p>\n<p>\u00a0<\/p>\n<p style=\"text-align: center;\"><span style=\"font-family: Arial, sans-serif;\">In der Natur gibt es keine menschlichen Kategorien wie gut oder b\u00f6se. Die Natur unterscheidet nicht. Jedes Tier hat seinen Platz und erf\u00fcllt seinen Zweck. Um das Gleichgewicht aufrecht zu erhalten sind beide Pole gleichwertig. Bei genauerem Hinsehen greifen sie ineinander, \u00fcberschneiden sich, verwischen und schlie\u00dflich sind sie nicht mehr zu unterscheiden.<br \/><\/span><\/p>\n<p>\u00a0<\/p>\n<p style=\"text-align: center;\"><img decoding=\"async\" loading=\"lazy\" class=\"wp-image-1822 alignright\" src=\"http:\/\/tai-chi-clown.de\/wp-content\/uploads\/2022\/01\/5-Tai-Chi.jpg\" alt=\"\" width=\"532\" height=\"299\" \/><\/p>\n<p>\u00a0<\/p>\n<p>\u00a0<\/p>\n<p>\u00a0<\/p>\n<p>\u00a0<\/p>\n<p>\u00a0<\/p>\n<p>\u00a0<\/p>\n<p>\u00a0<\/p>\n<p>\u00a0<\/p>\n<p style=\"text-align: center;\"><span style=\"font-family: Arial, sans-serif;\">Das Symbol &#8222;Yin und Yang&#8220; als Tai Yi. In der Einheit Tai Chi.<\/span><\/p>\n\n\n<p><\/p>\n","protected":false},"excerpt":{"rendered":"<p>Der Yellowstone Nationalpark Als am 1. M\u00e4rz 1872 Pr\u00e4sident Ulysses S. Grant mit seiner Unterschrift unter ein Gesetz den Yellowstone Nationalpark gr\u00fcndete, hatten sie einen gro\u00dfartigen Gedanken. Sie bewunderten die Natur im Park so sehr, dass sie sie sch\u00fctzen wollten. &hellip; <a href=\"http:\/\/tai-chi-clown.de\/?page_id=50\">Weiterlesen <span class=\"meta-nav\">&rarr;<\/span><\/a><\/p>\n","protected":false},"author":1,"featured_media":0,"parent":48,"menu_order":0,"comment_status":"closed","ping_status":"closed","template":"","meta":[],"_links":{"self":[{"href":"http:\/\/tai-chi-clown.de\/index.php?rest_route=\/wp\/v2\/pages\/50"}],"collection":[{"href":"http:\/\/tai-chi-clown.de\/index.php?rest_route=\/wp\/v2\/pages"}],"about":[{"href":"http:\/\/tai-chi-clown.de\/index.php?rest_route=\/wp\/v2\/types\/page"}],"author":[{"embeddable":true,"href":"http:\/\/tai-chi-clown.de\/index.php?rest_route=\/wp\/v2\/users\/1"}],"replies":[{"embeddable":true,"href":"http:\/\/tai-chi-clown.de\/index.php?rest_route=%2Fwp%2Fv2%2Fcomments&post=50"}],"version-history":[{"count":26,"href":"http:\/\/tai-chi-clown.de\/index.php?rest_route=\/wp\/v2\/pages\/50\/revisions"}],"predecessor-version":[{"id":788,"href":"http:\/\/tai-chi-clown.de\/index.php?rest_route=\/wp\/v2\/pages\/50\/revisions\/788"}],"up":[{"embeddable":true,"href":"http:\/\/tai-chi-clown.de\/index.php?rest_route=\/wp\/v2\/pages\/48"}],"wp:attachment":[{"href":"http:\/\/tai-chi-clown.de\/index.php?rest_route=%2Fwp%2Fv2%2Fmedia&parent=50"}],"curies":[{"name":"wp","href":"https:\/\/api.w.org\/{rel}","templated":true}]}}