{"id":300,"date":"2018-11-30T10:44:58","date_gmt":"2018-11-30T10:44:58","guid":{"rendered":"http:\/\/tai-chi-clown.de\/?page_id=300"},"modified":"2019-02-18T19:05:17","modified_gmt":"2019-02-18T19:05:17","slug":"8-brokate-ba-duan-jin","status":"publish","type":"page","link":"http:\/\/tai-chi-clown.de\/?page_id=300","title":{"rendered":"8\/12 Brokate (Ba\/Shi Er Duan Jin)"},"content":{"rendered":"<h1 style=\"text-align: center;\"><strong><span style=\"font-family: Arial, sans-serif;\">Wudang Sanfeng<\/span><\/strong><\/h1>\n<p>&nbsp;<\/p>\n<p style=\"text-align: center;\"><strong><span style=\"font-family: Arial, sans-serif;\">Alle 8 Brokate<br \/>\n<\/span><\/strong><\/p>\n<p style=\"text-align: center;\"><a href=\"https:\/\/www.youtube.com\/watch?v=mDLq-HGHoXQ\">Zhong Yun Long<\/a><\/p>\n<p style=\"text-align: center;\"><a href=\"https:\/\/www.youtube.com\/watch?v=IlKBQ0zq2qs\">Zhong Xueyong<\/a><\/p>\n<p style=\"text-align: center;\"><a href=\"https:\/\/www.youtube.com\/watch?v=445Fz8AQvX8\">Zhong Xue Chao<\/a><\/p>\n<p>&nbsp;<\/p>\n<p style=\"text-align: center;\"><strong><span style=\"font-family: Arial, sans-serif;\">Alle 12 Brokate<br \/>\n<\/span><\/strong><\/p>\n<p style=\"text-align: center;\"><a href=\"https:\/\/www.youtube.com\/watch?v=Dmn3LNCbblw\">Guan Yongxing<\/a><\/p>\n<p style=\"text-align: center;\"><a href=\"https:\/\/www.youtube.com\/watch?v=EmPKletQUp0\">Guan Yongxing<\/a><\/p>\n<p style=\"text-align: center;\"><a href=\"https:\/\/www.youtube.com\/watch?v=0XWWPvZjkzw\">Wang Taike<\/a><\/p>\n<p>&nbsp;<\/p>\n<p style=\"text-align: center;\"><strong><span style=\"font-family: Arial, sans-serif;\">1. Mit beiden H\u00e4nden den Himmel halten und den dreifache Erw\u00e4rmer (San Jiao) regulieren<br \/>\n<\/span><\/strong><\/p>\n<p style=\"text-align: center;\"><strong><span style=\"font-family: Arial, sans-serif;\">2. Den Bogen spannen nach links und rechts als w\u00fcrde man einen Adler schie\u00dfen<br \/>\n<\/span><\/strong><\/p>\n<p style=\"text-align: center;\"><strong><span style=\"font-family: Arial, sans-serif;\">3. Wechselnd die H\u00e4nde heben um Milz und Magen zu pflegen<br \/>\n<\/span><\/strong><\/p>\n<p style=\"text-align: center;\"><strong><span style=\"font-family: Arial, sans-serif;\">4. Zur\u00fcckblicken auf die f\u00fcnf M\u00fchen und sieben Verletzungen<br \/>\n<\/span><\/strong><\/p>\n<p style=\"text-align: center;\"><strong><span style=\"font-family: Arial, sans-serif;\">5. Den Kopf sch\u00fctteln und mit dem Hintern wackeln damit das Herzfeuer sich verteilt<br \/>\n<\/span><\/strong><\/p>\n<p style=\"text-align: center;\"><strong><span style=\"font-family: Arial, sans-serif;\">6. vor und zur\u00fcck, sieben mal die hundert Krankheiten beseitigen<br \/>\n<\/span><\/strong><\/p>\n<p style=\"text-align: center;\"><strong><span style=\"font-family: Arial, sans-serif;\">7. Die F\u00e4uste ballen und mit den Augen funkeln um die Kraft zu mehren<br \/>\n<\/span><\/strong><\/p>\n<p style=\"text-align: center;\"><strong><span style=\"font-family: Arial, sans-serif;\">8. Mit beiden H\u00e4nden die F\u00fc\u00dfe fassen um Nieren und Lenden zu st\u00e4rken<br \/>\n<\/span><\/strong><\/p>\n<p style=\"text-align: center;\"><strong><span style=\"font-family: Arial, sans-serif;\">9. Himmlisches Licht sammeln, das Qi hinunter leiten, und ins Dan Tian ergie\u00dfen<br \/>\n<\/span><\/strong><\/p>\n<p style=\"text-align: center;\"><strong><span style=\"font-family: Arial, sans-serif;\">10. Zu beiden Seiten die Nadel vom Meeresboden heben<br \/>\n<\/span><\/strong><\/p>\n<p style=\"text-align: center;\"><strong><span style=\"font-family: Arial, sans-serif;\">11. Die Arme wirbeln um Augen und Ohren zu kr\u00e4ftigen<br \/>\n<\/span><\/strong><\/p>\n<p style=\"text-align: center;\"><strong><span style=\"font-family: Arial, sans-serif;\">12. Im Bogenschritt leicht wie Wolken die neun Himmel durchschreiten<\/span><\/strong><\/p>\n","protected":false},"excerpt":{"rendered":"<p>Wudang Sanfeng &nbsp; Alle 8 Brokate Zhong Yun Long Zhong Xueyong Zhong Xue Chao &nbsp; Alle 12 Brokate Guan Yongxing Guan Yongxing Wang Taike &nbsp; 1. Mit beiden H\u00e4nden den Himmel halten und den dreifache Erw\u00e4rmer (San Jiao) regulieren 2. &hellip; <a href=\"http:\/\/tai-chi-clown.de\/?page_id=300\">Weiterlesen <span class=\"meta-nav\">&rarr;<\/span><\/a><\/p>\n","protected":false},"author":1,"featured_media":0,"parent":298,"menu_order":10,"comment_status":"closed","ping_status":"closed","template":"","meta":[],"_links":{"self":[{"href":"http:\/\/tai-chi-clown.de\/index.php?rest_route=\/wp\/v2\/pages\/300"}],"collection":[{"href":"http:\/\/tai-chi-clown.de\/index.php?rest_route=\/wp\/v2\/pages"}],"about":[{"href":"http:\/\/tai-chi-clown.de\/index.php?rest_route=\/wp\/v2\/types\/page"}],"author":[{"embeddable":true,"href":"http:\/\/tai-chi-clown.de\/index.php?rest_route=\/wp\/v2\/users\/1"}],"replies":[{"embeddable":true,"href":"http:\/\/tai-chi-clown.de\/index.php?rest_route=%2Fwp%2Fv2%2Fcomments&post=300"}],"version-history":[{"count":10,"href":"http:\/\/tai-chi-clown.de\/index.php?rest_route=\/wp\/v2\/pages\/300\/revisions"}],"predecessor-version":[{"id":439,"href":"http:\/\/tai-chi-clown.de\/index.php?rest_route=\/wp\/v2\/pages\/300\/revisions\/439"}],"up":[{"embeddable":true,"href":"http:\/\/tai-chi-clown.de\/index.php?rest_route=\/wp\/v2\/pages\/298"}],"wp:attachment":[{"href":"http:\/\/tai-chi-clown.de\/index.php?rest_route=%2Fwp%2Fv2%2Fmedia&parent=300"}],"curies":[{"name":"wp","href":"https:\/\/api.w.org\/{rel}","templated":true}]}}